{"id":819,"date":"2016-05-13T11:39:20","date_gmt":"2016-05-13T09:39:20","guid":{"rendered":"http:\/\/organizacijska-energija.si\/?page_id=819"},"modified":"2024-05-11T12:15:47","modified_gmt":"2024-05-11T10:15:47","slug":"zlati-paket","status":"publish","type":"page","link":"https:\/\/organizacijska-energija.si\/index.php\/zlati-paket\/","title":{"rendered":"ZLATI PAKET"},"content":{"rendered":"<p>[vc_row full_width=&#8221;stretch_row&#8221; css=&#8221;.vc_custom_1463183228802{margin-bottom: 0px !important;background-image: url(http:\/\/organizacijska-energija.si\/wp-content\/uploads\/2016\/05\/pattern-1.png?id=833) !important;}&#8221;][vc_column][vc_column_text]<\/p>\n<p style=\"text-align: justify;\"><span style=\"color: #000000;\">\u010ce se odlo\u010dite za <strong>ZLATI PAKET<\/strong>, boste pridobili (s krepkim tiskom so ozna\u010dene prednosti, ki jih dobite z zlatim paketom in ne sodijo v osnovi paket):<\/span><\/p>\n<ul>\n<li>Osnovno analizo energije va\u0161e organizacije, ki daje vodstvu temeljno sliko o po\u010dutju zaposlenih, njihovi delovni energiji, medosebnih odnosih in njihovem na\u010dinu razmi\u0161ljanja; Analiza obsega 10-12 strani in jo prejmete v e-obliki. Osnovna analiza vsebuje tudi primerjalne podatke o stanju organizacijske energije v Sloveniji za preteklo leto<\/li>\n<li>\u00a0Certifikat Dobre energije, \u010de dose\u017eete enotni indeks 2,5 ali ve\u010d<\/li>\n<li>\u00a0Objavo imena in osnovnega logotipa organizacije na portalu Organizacijska energija* (mere logotipa 300 x 300 slikovnih to\u010dk)<\/li>\n<li><strong>3 gratis udele\u017ebe na razglasitvi rezultatov <\/strong>(december)<\/li>\n<li><strong>Primerjalno analizo s slovenskimi organizacijami za teko\u010de leto <\/strong>(po zaklju\u010dnem merjenju, predvidoma decembra)<\/li>\n<li><strong>Primerjalno analizo z organizacijami iz panoge za obdobje treh let <\/strong>(po zaklju\u010dnem merjenju, predvidoma decembra).<\/li>\n<li><strong>Katalog ukrepov za izbolj\u0161anje oganizacijske energije<\/strong><\/li>\n<li><strong>Objava logotipa organizacije na portalu z aktivno povezavo*<\/strong><\/li>\n<li><strong> Objavo oglasne pasice organizacije na portalu www.organizacijska- energija.si <\/strong>(600 x 200 slikovnih pik)<strong>*<\/strong><\/li>\n<li><strong>Objava logotipa organizacije na konferenci Organizacijska energija <\/strong>(december)<\/li>\n<li><strong>Merjenje organizacijske energije za 10 lo\u010denih enot. Vsaka enota merjenja prejme svoje poro\u010dilo <\/strong>(Vsaka nadaljnja enota merjenja se zara\u010duna 120 EUR\/enoto).<\/li>\n<li><strong>Krovno poro\u010dilo v e-obliki, ki vsebuje rezultate za vse enote merjenja. <\/strong><\/li>\n<li><strong>Osebno predstavitev rezultatov s predlogi ukrepov za izbolj\u0161anje <\/strong>(1 ura).<\/li>\n<li><strong>3 gratis udele\u017ebe na konferenci Organizacijska energija <\/strong>(december)<\/li>\n<li><strong>Mo\u017enost objave intervjuja z izbrano osebo iz organizacije na blogu www.organizacijska- energija.si ali v strokovnem gradivu konference* <\/strong><\/li>\n<li><strong>Objava 1\/1 oglasa v strokovnem gradivu konference*<\/strong>(mere oglasa 210 x 297 mm)<\/li>\n<\/ul>\n<p>&nbsp;<\/p>\n<p style=\"text-align: right;\"><span style=\"color: #ff6600;\"><strong>Cena zlatega paketa: 3400 EUR\u00a0<\/strong><em>(Cena ne vsebuje DDVja)<\/em><\/span><\/p>\n<p style=\"text-align: right;\"><span style=\"color: #000000;\">*<em>V kolikor organizacija ne \u017eeli oglasnih objav, to v celoti spo\u0161tujemo, kar pa ne vpliva pa na ceno paketa.<\/em><\/span><\/p>\n<p>[\/vc_column_text]<div class=\"themeum-action-shortcode btn-yellow\" style=\"text-align:center;\"><div class=\"themeum-action-center\"><a class=\"acton-btn\" style=\"\" href=\"http:\/\/organizacijska-energija.si\/index.php\/o-projektu\/prijava\/\">Prijavite se!<\/a><\/div><\/div>[vc_empty_space height=&#8221;50px&#8221;][\/vc_column][\/vc_row][vc_row full_width=&#8221;stretch_row&#8221; css=&#8221;.vc_custom_1463403168633{margin-bottom: 0px !important;padding-top: 100px !important;padding-bottom: 100px !important;background-image: url(http:\/\/organizacijska-energija.si\/wp-content\/uploads\/2015\/09\/countdown-bg.jpg?id=748) !important;background-position: center !important;background-repeat: no-repeat !important;background-size: cover !important;}&#8221;][vc_column]<div class=\"themeum-action-shortcode btn-yellow\" style=\"text-align:center;\"><div class=\"themeum-action-center\"><h3 class=\"themeum-action-title\" style=\"font-size:30px;line-height:30px;color:#ffffff;font-weight:600;\">Se nam \u017eelite pridru\u017eiti?<\/h3><p class=\"themeum-action-subtitle\" style=\"font-size:50px;color:#ffffff;\">Za\u010dutite energijo va\u0161e organizacije<\/p><a class=\"acton-btn\" style=\"\" href=\"http:\/\/organizacijska-energija.si\/index.php\/o-projektu\/prijava\/\">Prijavite se!<\/a><\/div><\/div>[\/vc_column][\/vc_row]<\/p>\n","protected":false},"excerpt":{"rendered":"<p>[vc_row full_width=&#8221;stretch_row&#8221; css=&#8221;.vc_custom_1463183228802{margin-bottom: 0px !important;background-image: url(http:\/\/organizacijska-energija.si\/wp-content\/uploads\/2016\/05\/pattern-1.png?id=833) !important;}&#8221;][vc_column][vc_column_text] \u010ce se odlo\u010dite za ZLATI PAKET, boste pridobili (s krepkim tiskom so ozna\u010dene prednosti, ki jih dobite z zlatim paketom in ne sodijo v osnovi paket): Osnovno analizo energije va\u0161e organizacije, ki daje vodstvu temeljno sliko o po\u010dutju zaposlenih, njihovi delovni energiji, medosebnih odnosih in njihovem na\u010dinu razmi\u0161ljanja;&nbsp;<\/p>\n<p><a class=\"btn btn-style\" href=\"https:\/\/organizacijska-energija.si\/index.php\/zlati-paket\/\">Preberite ve\u010d&#8230;.<\/a><\/p>\n","protected":false},"author":1,"featured_media":0,"parent":0,"menu_order":0,"comment_status":"closed","ping_status":"closed","template":"","meta":{"footnotes":""},"class_list":["post-819","page","type-page","status-publish","hentry"],"aioseo_notices":[],"acf":[],"_links":{"self":[{"href":"https:\/\/organizacijska-energija.si\/index.php\/wp-json\/wp\/v2\/pages\/819","targetHints":{"allow":["GET"]}}],"collection":[{"href":"https:\/\/organizacijska-energija.si\/index.php\/wp-json\/wp\/v2\/pages"}],"about":[{"href":"https:\/\/organizacijska-energija.si\/index.php\/wp-json\/wp\/v2\/types\/page"}],"author":[{"embeddable":true,"href":"https:\/\/organizacijska-energija.si\/index.php\/wp-json\/wp\/v2\/users\/1"}],"replies":[{"embeddable":true,"href":"https:\/\/organizacijska-energija.si\/index.php\/wp-json\/wp\/v2\/comments?post=819"}],"version-history":[{"count":0,"href":"https:\/\/organizacijska-energija.si\/index.php\/wp-json\/wp\/v2\/pages\/819\/revisions"}],"wp:attachment":[{"href":"https:\/\/organizacijska-energija.si\/index.php\/wp-json\/wp\/v2\/media?parent=819"}],"curies":[{"name":"wp","href":"https:\/\/api.w.org\/{rel}","templated":true}]}}